{"id":587,"date":"2020-05-16T02:26:20","date_gmt":"2020-05-16T01:26:20","guid":{"rendered":"http:\/\/10.10.6.137\/?page_id=587"},"modified":"2020-05-16T02:32:28","modified_gmt":"2020-05-16T01:32:28","slug":"specjalizacje","status":"publish","type":"page","link":"https:\/\/www.scubalife.eu\/en\/szkolenia\/specjalizacje\/","title":{"rendered":"Specjalizacje"},"content":{"rendered":"<div class=\"pntrst_main_before_after\"><\/div><p>Opr\u00f3cz \u015bcie\u017cki g\u0142\u00f3wnej, wyznaczonej przez kolejne stopnie OWD &#8211; AOWD &#8211; Rescue &#8211; Divemaster, PADI oferuje system podnoszenia kwalifikacji w postaci specjalizacji. Na ka\u017cdym etapie swojej kariery nurkowej mo\u017cna nauczy\u0107 si\u0119 nowych umiej\u0119tno\u015bci, o ile tylko oferowane s\u0105 one przez twojego instruktora.<\/p>\n<p>Lista specjalizacji oraz wymagania pokazane s\u0105 na poni\u017cszym diagramie.<\/p>\n<p>&nbsp;<\/p>\n<p><img decoding=\"async\" class=\"alignnone size-full wp-image-593 lazyload\" data-src=\"http:\/\/10.10.6.137\/wp-content\/uploads\/2020\/05\/padi-specs-02.jpg\" alt=\"\" width=\"980\" height=\"678\" data-srcset=\"https:\/\/www.scubalife.eu\/wp-content\/uploads\/2020\/05\/padi-specs-02.jpg 980w, https:\/\/www.scubalife.eu\/wp-content\/uploads\/2020\/05\/padi-specs-02-300x208.jpg 300w, https:\/\/www.scubalife.eu\/wp-content\/uploads\/2020\/05\/padi-specs-02-768x531.jpg 768w\" data-sizes=\"(max-width: 980px) 100vw, 980px\" src=\"data:image\/svg+xml;base64,PHN2ZyB3aWR0aD0iMSIgaGVpZ2h0PSIxIiB4bWxucz0iaHR0cDovL3d3dy53My5vcmcvMjAwMC9zdmciPjwvc3ZnPg==\" style=\"--smush-placeholder-width: 980px; --smush-placeholder-aspect-ratio: 980\/678;\" \/><\/p>\n<div class=\"pntrst_main_before_after\"><\/div><div class=\"fcbkbttn_buttons_block\" id=\"fcbkbttn_left\"><div class=\"fcbkbttn_button\">\n                            <a href=\"https:\/\/www.facebook.com\/scubalife.eu\" target=\"_blank\">\n                                <img decoding=\"async\" data-src=\"https:\/\/www.scubalife.eu\/wp-content\/plugins\/social-buttons-pack\/facebook-button-plugin\/images\/standard-facebook-ico.png\" alt=\"Fb-Button\" src=\"data:image\/svg+xml;base64,PHN2ZyB3aWR0aD0iMSIgaGVpZ2h0PSIxIiB4bWxucz0iaHR0cDovL3d3dy53My5vcmcvMjAwMC9zdmciPjwvc3ZnPg==\" class=\"lazyload\" style=\"--smush-placeholder-width: 75px; --smush-placeholder-aspect-ratio: 75\/20;\" \/>\n                            <\/a>\n                        <\/div><div class=\"fcbkbttn_like \"><fb:like href=\"https:\/\/www.scubalife.eu\/en\/szkolenia\/specjalizacje\/\" action=\"like\" colorscheme=\"light\" layout=\"button_count\"  size=\"small\"><\/fb:like><\/div><div class=\"fb-share-button  \" data-href=\"https:\/\/www.scubalife.eu\/en\/szkolenia\/specjalizacje\/\" data-type=\"button\" data-size=\"small\"><\/div><\/div>","protected":false},"excerpt":{"rendered":"<p>Opr\u00f3cz \u015bcie\u017cki g\u0142\u00f3wnej, wyznaczonej przez kolejne stopnie OWD &#8211; AOWD &#8211; Rescue &#8211; Divemaster, PADI&#8230;<\/p>\n<div class=\"fcbkbttn_buttons_block\" id=\"fcbkbttn_left\"><div class=\"fcbkbttn_button\">\n                            <a href=\"https:\/\/www.facebook.com\/scubalife.eu\" target=\"_blank\">\n                                <img decoding=\"async\" data-src=\"https:\/\/www.scubalife.eu\/wp-content\/plugins\/social-buttons-pack\/facebook-button-plugin\/images\/standard-facebook-ico.png\" alt=\"Fb-Button\" src=\"data:image\/svg+xml;base64,PHN2ZyB3aWR0aD0iMSIgaGVpZ2h0PSIxIiB4bWxucz0iaHR0cDovL3d3dy53My5vcmcvMjAwMC9zdmciPjwvc3ZnPg==\" class=\"lazyload\" style=\"--smush-placeholder-width: 75px; --smush-placeholder-aspect-ratio: 75\/20;\" \/>\n                            <\/a>\n                        <\/div><div class=\"fcbkbttn_like \"><fb:like href=\"https:\/\/www.scubalife.eu\/en\/szkolenia\/specjalizacje\/\" action=\"like\" colorscheme=\"light\" layout=\"button_count\"  size=\"small\"><\/fb:like><\/div><div class=\"fb-share-button  \" data-href=\"https:\/\/www.scubalife.eu\/en\/szkolenia\/specjalizacje\/\" data-type=\"button\" data-size=\"small\"><\/div><\/div>","protected":false},"author":1,"featured_media":0,"parent":567,"menu_order":9,"comment_status":"closed","ping_status":"closed","template":"","meta":{"footnotes":""},"class_list":["post-587","page","type-page","status-publish","hentry"],"psp_head":"<title>Specjalizacje &ndash; [:pl]Scubalife.EU[:]<\/title>\r\n<meta name=\"description\" content=\"Opr\u00f3cz \u015bcie\u017cki g\u0142\u00f3wnej, wyznaczonej przez kolejne stopnie OWD - AOWD - Rescue - Divemaster, PADI oferuje system podnoszenia kwalifikacji w postaci specjalizacji. Na ka\u017cdym etapie swojej kariery nurkowej mo\u017cna nauczy\u0107 si\u0119 nowych umiej\u0119tno\u015bci, o ile tylko oferowane s\u0105 one przez twojego instruktora.\" \/>\r\n<meta name=\"robots\" content=\"index,follow\" \/>\r\n<link rel=\"canonical\" href=\"https:\/\/www.scubalife.eu\/en\/szkolenia\/specjalizacje\/\" \/>\r\n","_links":{"self":[{"href":"https:\/\/www.scubalife.eu\/en\/wp-json\/wp\/v2\/pages\/587","targetHints":{"allow":["GET"]}}],"collection":[{"href":"https:\/\/www.scubalife.eu\/en\/wp-json\/wp\/v2\/pages"}],"about":[{"href":"https:\/\/www.scubalife.eu\/en\/wp-json\/wp\/v2\/types\/page"}],"author":[{"embeddable":true,"href":"https:\/\/www.scubalife.eu\/en\/wp-json\/wp\/v2\/users\/1"}],"replies":[{"embeddable":true,"href":"https:\/\/www.scubalife.eu\/en\/wp-json\/wp\/v2\/comments?post=587"}],"version-history":[{"count":5,"href":"https:\/\/www.scubalife.eu\/en\/wp-json\/wp\/v2\/pages\/587\/revisions"}],"predecessor-version":[{"id":594,"href":"https:\/\/www.scubalife.eu\/en\/wp-json\/wp\/v2\/pages\/587\/revisions\/594"}],"up":[{"embeddable":true,"href":"https:\/\/www.scubalife.eu\/en\/wp-json\/wp\/v2\/pages\/567"}],"wp:attachment":[{"href":"https:\/\/www.scubalife.eu\/en\/wp-json\/wp\/v2\/media?parent=587"}],"curies":[{"name":"wp","href":"https:\/\/api.w.org\/{rel}","templated":true}]}}