{"id":581,"date":"2015-08-22T02:03:36","date_gmt":"2015-08-22T01:03:36","guid":{"rendered":"http:\/\/10.10.6.137\/?page_id=581"},"modified":"2020-05-16T02:07:38","modified_gmt":"2020-05-16T01:07:38","slug":"divemaster","status":"publish","type":"page","link":"https:\/\/www.scubalife.eu\/en\/szkolenia\/divemaster\/","title":{"rendered":"Divemaster"},"content":{"rendered":"<div class=\"pntrst_main_before_after\"><\/div><p><img decoding=\"async\" class=\"wp-image-584 alignleft lazyload\" data-src=\"http:\/\/10.10.6.137\/wp-content\/uploads\/2020\/05\/padi_divemaster-300x298.jpg\" alt=\"\" width=\"258\" height=\"256\" data-srcset=\"https:\/\/www.scubalife.eu\/wp-content\/uploads\/2020\/05\/padi_divemaster-300x298.jpg 300w, https:\/\/www.scubalife.eu\/wp-content\/uploads\/2020\/05\/padi_divemaster-1024x1016.jpg 1024w, https:\/\/www.scubalife.eu\/wp-content\/uploads\/2020\/05\/padi_divemaster-150x150.jpg 150w, https:\/\/www.scubalife.eu\/wp-content\/uploads\/2020\/05\/padi_divemaster-768x762.jpg 768w, https:\/\/www.scubalife.eu\/wp-content\/uploads\/2020\/05\/padi_divemaster.jpg 1500w\" data-sizes=\"(max-width: 258px) 100vw, 258px\" src=\"data:image\/svg+xml;base64,PHN2ZyB3aWR0aD0iMSIgaGVpZ2h0PSIxIiB4bWxucz0iaHR0cDovL3d3dy53My5vcmcvMjAwMC9zdmciPjwvc3ZnPg==\" style=\"--smush-placeholder-width: 258px; --smush-placeholder-aspect-ratio: 258\/256;\" \/>Divemaster to pierwszy stopie\u0144 zawodowy w systemie szkolenia PADI i w chwili jego uko\u0144czenia, stajesz si\u0119 cz\u0142onkiem organizacji. Niekt\u00f3rzy m\u00f3wi\u0105, \u017ce w tym momencie zaczynasz by\u0107 pocz\u0105tkuj\u0105cym instruktorem i jest w tym troch\u0119 racji. Ja twierdz\u0119, \u017ce ko\u0144cz\u0105c kurs Divemastera wiesz ile pracy przed Tob\u0105, aby zosta\u0107 prawdziwym instruktorem. Kurs wyrobi w Tobie umiej\u0119tno\u015bci, kt\u00f3re pozwol\u0105 Ci by\u0107 przewodnikiem pod wod\u0105, pewnym wzorcem nad wod\u0105. Wyrobi\u0105 nawyk pomocy nurkom, kt\u00f3rzy jej potrzebuj\u0105. Dobry divemaster to towar rozchwytywany przez instruktor\u00f3w. Instruktor bez DM&#8217;a nie b\u0119dzie efektywny.<\/p>\n<p>Kurs sk\u0142ada si\u0119 z trzech cz\u0119\u015bci: wyk\u0142ady z teorii, sesji umiej\u0119tno\u015bci p\u0142ywackich oraz sesji praktycznych. Mo\u017cna rozpocz\u0105\u0107 go w dowolnym momencie (ja rozpocz\u0105\u0142em sw\u00f3j kurs w styczniu).<\/p>\n<p>Wymagania wst\u0119pne to:<\/p>\n<ul>\n<li>Certyfikat Advanced OWD (lub r\u00f3wnorz\u0119dny innej organizacji)<\/li>\n<li>Certyfikat PADI Rescue Diver (lub r\u00f3wnorz\u0119dny)<\/li>\n<li>Certyfikat EFR nie starszy ni\u017c dwa lata<\/li>\n<li>Wiek minimum 18 lat<\/li>\n<li>Za\u015bwiadczenie lekarskie o braku przeciwwskaza\u0144 do nurkowania<\/li>\n<li>Minimum 20 zalogowanych nurkowa\u0144 w momencie rozpocz\u0119cia kursu<\/li>\n<li>Minimum 60 nurkowa\u0144 w momencie ko\u0144czenia kursu.<\/li>\n<\/ul>\n<p>Szkolenie sk\u0142ada si\u0119 z sesji teoretycznych (ko\u0144czone egzaminem pisemnym), sesje umiej\u0119tno\u015bci p\u0142ywackich i nurkowych, sesji praktycznych obejmuj\u0105cych zaj\u0119cia Open Water i praktyki divemastera czyli zaj\u0119cia z kursantami (asystowanie instruktorowi podczas rzeczywistych zaj\u0119\u0107).<\/p>\n<p>Podczas sesji teoretycznych poznasz dwana\u015bcie temat\u00f3w:<\/p>\n<ol>\n<li>Rola oraz charakterystyka Divemastera PADI<\/li>\n<li>Nadzorowanie certyfikowanych nurk\u00f3w<\/li>\n<li>Asystowanie przy szkoleniach<\/li>\n<li>Wprowadzenie do teorii nurkowania<\/li>\n<li>Fizyka nurkowania<\/li>\n<li>Fizjologia nurkowania<\/li>\n<li>Sprz\u0119t<\/li>\n<li>Teoria dekompresji, tablice RDP oraz inne przyrz\u0105dy do planowania<\/li>\n<li>Kursy prowadzone przez Divemastera<\/li>\n<li>Zarz\u0105dzanie ryzykiem<\/li>\n<li>Biznes nurkowy<\/li>\n<li>Twoja kariera nurkowa<\/li>\n<\/ol>\n<p>Sesja umiej\u0119tno\u015bci p\u0142ywackich i nurkowych obejmuje:<\/p>\n<ol>\n<li>p\u0142ywanie 400m dowolnym stylem bez ABC<\/li>\n<li>p\u0142ywanie 800m w ABC (bez u\u017cywania r\u0105k ani wynurzania twarzy)<\/li>\n<li>15 minut unoszenia si\u0119 na powierzchni wody z czego ostatnie dwie minuty z r\u0119kami nad powierzchni\u0105 wody. Kandydat tylko w stroju k\u0105pielowym.<\/li>\n<li>Holowanie w pe\u0142nym sprz\u0119cie po powierzchni wody bezw\u0142adnego nurka przez 100m bez przerwy.<\/li>\n<\/ol>\n<p>Og\u00f3lne umiej\u0119tno\u015bci nurkowania obejmuj\u0105 20 sprawno\u015bci, kt\u00f3re kandydat musi umie\u0107 zademonstrowa\u0107 (<strong><em>uwaga: nie wykona\u0107 tylko zademonstrowa\u0107 kursantom w spos\u00f3b umo\u017cliwiaj\u0105cy im nauczenie si\u0119 umiej\u0119tno\u015bci<\/em><\/strong>). Demonstracji najpro\u015bciej si\u0119 nauczy\u0107 podczas asystowania instruktorom w ich zaj\u0119ciach i\/lub korzystaj\u0105c z kana\u0142u <a href=\"https:\/\/www.youtube.com\/playlist?list=PL7597DAD6186256F7\" target=\"_blank\" rel=\"noopener noreferrer\">Strefa Divemastera<\/a> na Youtube. Serdecznie polecam nauk\u0119 demonstracji w oparciu o ten kana\u0142, gdy\u017c prowadz\u0105cy (Micha\u0142 Kosut) opr\u00f3cz pe\u0142nej demonstracji ka\u017cdego \u0107wiczenia, omawia je dok\u0142adnie i pokazuje na co nale\u017cy zwr\u00f3ci\u0107 uwag\u0119 podczas wykonywania.<\/p>\n<p>Ocena umiej\u0119tno\u015bci rozwi\u0105zywania problem\u00f3w to test, kt\u00f3ry pozwala na ocen\u0119 zdolno\u015bci i umiej\u0119tno\u015bci radzenia sobie z problemami podczas pracy z innymi nurkami w warunkach pewnego stresu.\u00a0 \u0106wiczenie polega na wymienia ca\u0142ego sprz\u0119tu powietrznego z wyj\u0105tkiem skafandra i pasa balastowego podczas p\u0142yni\u0119cia z partnerem i oddychania partnerskiego.<\/p>\n<p>Ocena umiej\u0119tno\u015bci ratowniczych<\/p>\n<ol>\n<li>Lokalizacja i wydobycie ofiary na powierzchni\u0119<\/li>\n<li>Rozpocz\u0119cie wentylacji podczas transportu ofiary do brzegu i jednoczesnym usuwaniu sprz\u0119tu z ofiary i ratownika<\/li>\n<li>Wyci\u0105gni\u0119cie ofiary z wody na brzeg lub pomost<\/li>\n<\/ol>\n<p>Zaj\u0119cia praktyczne<\/p>\n<ul>\n<li>Podwodne mapowanie terenu<\/li>\n<li>Planowanie nurkowania<\/li>\n<li>Rola divemastera podczas zaj\u0119\u0107 w wodach basenowych<\/li>\n<li>Rola divemastera podczas zaj\u0119\u0107 na wodach otwartych<\/li>\n<\/ul>\n<p>&nbsp;<\/p>\n<div class=\"pntrst_main_before_after\"><\/div><div class=\"fcbkbttn_buttons_block\" id=\"fcbkbttn_left\"><div class=\"fcbkbttn_button\">\n                            <a href=\"https:\/\/www.facebook.com\/scubalife.eu\" target=\"_blank\">\n                                <img decoding=\"async\" data-src=\"https:\/\/www.scubalife.eu\/wp-content\/plugins\/social-buttons-pack\/facebook-button-plugin\/images\/standard-facebook-ico.png\" alt=\"Fb-Button\" src=\"data:image\/svg+xml;base64,PHN2ZyB3aWR0aD0iMSIgaGVpZ2h0PSIxIiB4bWxucz0iaHR0cDovL3d3dy53My5vcmcvMjAwMC9zdmciPjwvc3ZnPg==\" class=\"lazyload\" style=\"--smush-placeholder-width: 75px; --smush-placeholder-aspect-ratio: 75\/20;\" \/>\n                            <\/a>\n                        <\/div><div class=\"fcbkbttn_like \"><fb:like href=\"https:\/\/www.scubalife.eu\/en\/szkolenia\/divemaster\/\" action=\"like\" colorscheme=\"light\" layout=\"button_count\"  size=\"small\"><\/fb:like><\/div><div class=\"fb-share-button  \" data-href=\"https:\/\/www.scubalife.eu\/en\/szkolenia\/divemaster\/\" data-type=\"button\" data-size=\"small\"><\/div><\/div>","protected":false},"excerpt":{"rendered":"<p>Divemaster to pierwszy stopie\u0144 zawodowy w systemie szkolenia PADI i w chwili jego uko\u0144czenia, stajesz&#8230;<\/p>\n<div class=\"fcbkbttn_buttons_block\" id=\"fcbkbttn_left\"><div class=\"fcbkbttn_button\">\n                            <a href=\"https:\/\/www.facebook.com\/scubalife.eu\" target=\"_blank\">\n                                <img decoding=\"async\" data-src=\"https:\/\/www.scubalife.eu\/wp-content\/plugins\/social-buttons-pack\/facebook-button-plugin\/images\/standard-facebook-ico.png\" alt=\"Fb-Button\" src=\"data:image\/svg+xml;base64,PHN2ZyB3aWR0aD0iMSIgaGVpZ2h0PSIxIiB4bWxucz0iaHR0cDovL3d3dy53My5vcmcvMjAwMC9zdmciPjwvc3ZnPg==\" class=\"lazyload\" style=\"--smush-placeholder-width: 75px; --smush-placeholder-aspect-ratio: 75\/20;\" \/>\n                            <\/a>\n                        <\/div><div class=\"fcbkbttn_like \"><fb:like href=\"https:\/\/www.scubalife.eu\/en\/szkolenia\/divemaster\/\" action=\"like\" colorscheme=\"light\" layout=\"button_count\"  size=\"small\"><\/fb:like><\/div><div class=\"fb-share-button  \" data-href=\"https:\/\/www.scubalife.eu\/en\/szkolenia\/divemaster\/\" data-type=\"button\" data-size=\"small\"><\/div><\/div>","protected":false},"author":1,"featured_media":0,"parent":567,"menu_order":5,"comment_status":"closed","ping_status":"closed","template":"","meta":{"footnotes":""},"class_list":["post-581","page","type-page","status-publish","hentry"],"psp_head":"<title>Divemaster &ndash; [:pl]Scubalife.EU[:]<\/title>\r\n<meta name=\"description\" content=\"Divemaster to pierwszy stopie\u0144 zawodowy w systemie szkolenia PADI i w chwili jego uko\u0144czenia, stajesz si\u0119 cz\u0142onkiem organizacji. Niekt\u00f3rzy m\u00f3wi\u0105, \u017ce w tym momencie zaczynasz by\u0107 pocz\u0105tkuj\u0105cym instruktorem i jest w tym troch\u0119 racji.\" \/>\r\n<meta name=\"robots\" content=\"index,follow\" \/>\r\n<link rel=\"canonical\" href=\"https:\/\/www.scubalife.eu\/en\/szkolenia\/divemaster\/\" \/>\r\n","_links":{"self":[{"href":"https:\/\/www.scubalife.eu\/en\/wp-json\/wp\/v2\/pages\/581","targetHints":{"allow":["GET"]}}],"collection":[{"href":"https:\/\/www.scubalife.eu\/en\/wp-json\/wp\/v2\/pages"}],"about":[{"href":"https:\/\/www.scubalife.eu\/en\/wp-json\/wp\/v2\/types\/page"}],"author":[{"embeddable":true,"href":"https:\/\/www.scubalife.eu\/en\/wp-json\/wp\/v2\/users\/1"}],"replies":[{"embeddable":true,"href":"https:\/\/www.scubalife.eu\/en\/wp-json\/wp\/v2\/comments?post=581"}],"version-history":[{"count":3,"href":"https:\/\/www.scubalife.eu\/en\/wp-json\/wp\/v2\/pages\/581\/revisions"}],"predecessor-version":[{"id":586,"href":"https:\/\/www.scubalife.eu\/en\/wp-json\/wp\/v2\/pages\/581\/revisions\/586"}],"up":[{"embeddable":true,"href":"https:\/\/www.scubalife.eu\/en\/wp-json\/wp\/v2\/pages\/567"}],"wp:attachment":[{"href":"https:\/\/www.scubalife.eu\/en\/wp-json\/wp\/v2\/media?parent=581"}],"curies":[{"name":"wp","href":"https:\/\/api.w.org\/{rel}","templated":true}]}}