{"id":579,"date":"2015-05-26T01:51:59","date_gmt":"2015-05-26T00:51:59","guid":{"rendered":"http:\/\/10.10.6.137\/?page_id=579"},"modified":"2020-05-16T01:56:45","modified_gmt":"2020-05-16T00:56:45","slug":"efr-secondary-care-czyli-pierwsza-pomoc","status":"publish","type":"page","link":"https:\/\/www.scubalife.eu\/en\/szkolenia\/efr-secondary-care-czyli-pierwsza-pomoc\/","title":{"rendered":"EFR Secondary Care czyli pierwsza pomoc"},"content":{"rendered":"<div class=\"pntrst_main_before_after\"><\/div><p><a href=\"http:\/\/www.scubalife.eu\/wp-content\/uploads\/2015\/05\/PADI-EFR.jpeg\"><img decoding=\"async\" class=\"size-full wp-image-863 alignleft lazyload\" data-src=\"http:\/\/www.scubalife.eu\/wp-content\/uploads\/2015\/05\/PADI-EFR.jpeg\" alt=\"\" width=\"235\" height=\"150\" src=\"data:image\/svg+xml;base64,PHN2ZyB3aWR0aD0iMSIgaGVpZ2h0PSIxIiB4bWxucz0iaHR0cDovL3d3dy53My5vcmcvMjAwMC9zdmciPjwvc3ZnPg==\" style=\"--smush-placeholder-width: 235px; --smush-placeholder-aspect-ratio: 235\/150;\" \/><\/a>EFR to skr\u00f3t od Emergency First Response.<\/p>\n<p>Ka\u017cdego dnia, w ka\u017cdej niemal minucie, kto\u015b potrzebuje pomocy. Czasami to zwyk\u0142y kaszel bo co\u015b posz\u0142o &#8216;nie-w-te-dziurk\u0119&#8217;, ale czasami kto\u015b umiera i potrzebuje natychmiastowej pomocy. A co, je\u017celi taka sytuacja trafi si\u0119 Tobie? Czy b\u0119dziesz umia\u0142 pom\u00f3c? Czy nie b\u0119dziesz si\u0119 ba\u0142 pom\u00f3c? A mo\u017ce Twoja odwaga wp\u0119dzi Cie w k\u0142opoty? Ten kurs to nauka nie tylko tego jak sobie radzi\u0107 w trudnych przypadkach. To jest te\u017c nauka oceny sytuacji i pomoc w opanowaniu w\u0142asnego l\u0119ku. Ten kurs to nie jest tylko szkolenie wymagane do tego by zaliczy\u0107 Rescue. Po nim spojrzysz na \u015bwiat nieco innymi oczami. Ja przesta\u0142em si\u0119 ba\u0107 i umiem powiedzie\u0107:<\/p>\n<p style=\"text-align: center;\"><strong>&#8220;Hej, mam na imi\u0119 Artur i jestem przeszkolony w pierwszej pomocy. Czy wszystko w porz\u0105dku?&#8221;<\/strong><\/p>\n<p>Ty te\u017c tak mo\u017cesz!<\/p>\n<p>Oto czego si\u0119 nauczysz na kursie. Obejmuje on nast\u0119puj\u0105ce zagadnienia:<\/p>\n<ul>\n<li>Bezpiecze\u0144stwo w\u0142asne, miejsca zdarzenia, poszkodowanego, ocena sytuacji<\/li>\n<li>Mechanizmy urazu<\/li>\n<li>Sprawdzanie stanu \u015bwiadomo\u015bci<\/li>\n<li>Udra\u017cnianie dr\u00f3g oddechowych<\/li>\n<li>Sprawdzanie czynno\u015bci \u017cyciowych<\/li>\n<li>Badanie urazowe poszkodowanego<\/li>\n<li>Obra\u017cenia poszczeg\u00f3lnych cz\u0119\u015bci cia\u0142a<\/li>\n<li>Opatrywanie ran oraz unieruchamianie ko\u0144czyn<\/li>\n<li>Poszkodowany we wstrz\u0105sie<\/li>\n<li>Zawa\u0142 mi\u0119\u015bnia sercowego<\/li>\n<li>Nag\u0142e stany w cukrzycy<\/li>\n<li>Rozpoznawanie i post\u0119powanie r\u00f3\u017cnymi rodzajami ran<\/li>\n<li>Resuscytacja kr\u0105\u017ceniowo-oddechowa<\/li>\n<li>Pora\u017cenie pr\u0105dem<\/li>\n<li>Zad\u0142awienia<\/li>\n<li>Atak padaczki<\/li>\n<li>Pozycja bezpieczna<\/li>\n<li>Wzywanie ratownictwa zawodowego<\/li>\n<li>Poszkodowany z odm\u0105 op\u0142ucnow\u0105<\/li>\n<li>Oparzenia, odmro\u017cenia, post\u0119powanie w przypadkach udaru cieplnego oraz hipotermii<\/li>\n<li>Znaczenie czasu w urazach<\/li>\n<li>Pierwsza pomoc z uwzgl\u0119dnieniem specyficznych sytuacji<\/li>\n<li>Zatrucia, uk\u0105szenia i oparzenia jadem<\/li>\n<li>Post\u0119powanie z poszkodowanym agresywnym<\/li>\n<li>Pierwsza pomoc psychologiczna<\/li>\n<li>U\u017cycie defibrylatora AED<\/li>\n<li>Sposoby post\u0119powania w wypadkach komunikacyjnych<\/li>\n<\/ul>\n<p>Kurs obejmuje tez zaj\u0119cia z pomocy wt\u00f3rnej (Secondary Care) i opieki nad pacjentem. Pomy\u015blne uko\u0144czenie kursu jest wymagane do uko\u0144czenia szkolenia <a href=\"http:\/\/www.scubalife.eu\/szkolenia\/rescue-diver\/\">Rescue Diver<\/a>.<\/p>\n<div class=\"pntrst_main_before_after\"><\/div><div class=\"fcbkbttn_buttons_block\" id=\"fcbkbttn_left\"><div class=\"fcbkbttn_button\">\n                            <a href=\"https:\/\/www.facebook.com\/scubalife.eu\" target=\"_blank\">\n                                <img decoding=\"async\" data-src=\"https:\/\/www.scubalife.eu\/wp-content\/plugins\/social-buttons-pack\/facebook-button-plugin\/images\/standard-facebook-ico.png\" alt=\"Fb-Button\" src=\"data:image\/svg+xml;base64,PHN2ZyB3aWR0aD0iMSIgaGVpZ2h0PSIxIiB4bWxucz0iaHR0cDovL3d3dy53My5vcmcvMjAwMC9zdmciPjwvc3ZnPg==\" class=\"lazyload\" style=\"--smush-placeholder-width: 75px; --smush-placeholder-aspect-ratio: 75\/20;\" \/>\n                            <\/a>\n                        <\/div><div class=\"fcbkbttn_like \"><fb:like href=\"https:\/\/www.scubalife.eu\/en\/szkolenia\/efr-secondary-care-czyli-pierwsza-pomoc\/\" action=\"like\" colorscheme=\"light\" layout=\"button_count\"  size=\"small\"><\/fb:like><\/div><div class=\"fb-share-button  \" data-href=\"https:\/\/www.scubalife.eu\/en\/szkolenia\/efr-secondary-care-czyli-pierwsza-pomoc\/\" data-type=\"button\" data-size=\"small\"><\/div><\/div>","protected":false},"excerpt":{"rendered":"<p>EFR to skr\u00f3t od Emergency First Response. Ka\u017cdego dnia, w ka\u017cdej niemal minucie, kto\u015b potrzebuje&#8230;<\/p>\n<div class=\"fcbkbttn_buttons_block\" id=\"fcbkbttn_left\"><div class=\"fcbkbttn_button\">\n                            <a href=\"https:\/\/www.facebook.com\/scubalife.eu\" target=\"_blank\">\n                                <img decoding=\"async\" data-src=\"https:\/\/www.scubalife.eu\/wp-content\/plugins\/social-buttons-pack\/facebook-button-plugin\/images\/standard-facebook-ico.png\" alt=\"Fb-Button\" src=\"data:image\/svg+xml;base64,PHN2ZyB3aWR0aD0iMSIgaGVpZ2h0PSIxIiB4bWxucz0iaHR0cDovL3d3dy53My5vcmcvMjAwMC9zdmciPjwvc3ZnPg==\" class=\"lazyload\" style=\"--smush-placeholder-width: 75px; --smush-placeholder-aspect-ratio: 75\/20;\" \/>\n                            <\/a>\n                        <\/div><div class=\"fcbkbttn_like \"><fb:like href=\"https:\/\/www.scubalife.eu\/en\/szkolenia\/efr-secondary-care-czyli-pierwsza-pomoc\/\" action=\"like\" colorscheme=\"light\" layout=\"button_count\"  size=\"small\"><\/fb:like><\/div><div class=\"fb-share-button  \" data-href=\"https:\/\/www.scubalife.eu\/en\/szkolenia\/efr-secondary-care-czyli-pierwsza-pomoc\/\" data-type=\"button\" data-size=\"small\"><\/div><\/div>","protected":false},"author":1,"featured_media":0,"parent":567,"menu_order":3,"comment_status":"closed","ping_status":"closed","template":"","meta":{"footnotes":""},"class_list":["post-579","page","type-page","status-publish","hentry"],"psp_head":"<title>EFR Secondary Care czyli pierwsza pomoc &ndash; [:pl]Scubalife.EU[:]<\/title>\r\n<meta name=\"description\" content=\"EFR to skr\u00f3t od Emergency First Response. Ka\u017cdego dnia, w ka\u017cdej niemal minucie, kto\u015b potrzebuje pomocy. Czasami to zwyk\u0142y kaszel bo co\u015b posz\u0142o &#039;nie-w-te-dziurk\u0119&#039;, ale czasami kto\u015b umiera i potrzebuje natychmiastowej pomocy.\" \/>\r\n<meta name=\"robots\" content=\"index,follow\" \/>\r\n<link rel=\"canonical\" href=\"https:\/\/www.scubalife.eu\/en\/szkolenia\/efr-secondary-care-czyli-pierwsza-pomoc\/\" \/>\r\n","_links":{"self":[{"href":"https:\/\/www.scubalife.eu\/en\/wp-json\/wp\/v2\/pages\/579","targetHints":{"allow":["GET"]}}],"collection":[{"href":"https:\/\/www.scubalife.eu\/en\/wp-json\/wp\/v2\/pages"}],"about":[{"href":"https:\/\/www.scubalife.eu\/en\/wp-json\/wp\/v2\/types\/page"}],"author":[{"embeddable":true,"href":"https:\/\/www.scubalife.eu\/en\/wp-json\/wp\/v2\/users\/1"}],"replies":[{"embeddable":true,"href":"https:\/\/www.scubalife.eu\/en\/wp-json\/wp\/v2\/comments?post=579"}],"version-history":[{"count":1,"href":"https:\/\/www.scubalife.eu\/en\/wp-json\/wp\/v2\/pages\/579\/revisions"}],"predecessor-version":[{"id":580,"href":"https:\/\/www.scubalife.eu\/en\/wp-json\/wp\/v2\/pages\/579\/revisions\/580"}],"up":[{"embeddable":true,"href":"https:\/\/www.scubalife.eu\/en\/wp-json\/wp\/v2\/pages\/567"}],"wp:attachment":[{"href":"https:\/\/www.scubalife.eu\/en\/wp-json\/wp\/v2\/media?parent=579"}],"curies":[{"name":"wp","href":"https:\/\/api.w.org\/{rel}","templated":true}]}}