{"id":563,"date":"2015-05-28T01:27:14","date_gmt":"2015-05-28T00:27:14","guid":{"rendered":"http:\/\/10.10.6.137\/?page_id=563"},"modified":"2022-09-03T00:54:17","modified_gmt":"2022-09-03T00:54:17","slug":"dekompresja","status":"publish","type":"page","link":"https:\/\/www.scubalife.eu\/en\/troche-teorii\/dekompresja\/","title":{"rendered":"Decompression"},"content":{"rendered":"<div class=\"pntrst_main_before_after\"><\/div><p style=\"text-align: justify;\">Theory of decompression is a very complex field of knowledge. However, by making some simplifications, I will try to describe this issue as clearly as possible. The goal is not to copy scientific work from the border of physics, mathematics, biology and medicine, but to show certain problems so that a diver with any education understands them and consciously uses this knowledge during dives.<\/p>\n<p>To understand what&#8217;s going on, you need to consider what diving is all about &#8211; what stages can it be divided into. Simply put, they are:<\/p>\n<ol>\n<li>zanurzenie\u00a0&#8211;\u00a0ci\u015bnienie ro\u015bnie, automat podaje wi\u0119c gaz do oddychania pod coraz wi\u0119kszym ci\u015bnieniem, do gry wchodzi <a href=\"http:\/\/www.scubalife.eu\/troche-teorii\/fizyka\/#prawohenryego\">Prawo Henry&#8217;ego<\/a> i <a href=\"http:\/\/www.scubalife.eu\/troche-teorii\/fizyka\/#prawoficka\">Prawo Ficka<\/a>.<\/li>\n<li>czas denny &#8211;\u00a0ci\u015bnienie nie zmienia si\u0119, oba wy\u017cej wymienione prawa nadal dzia\u0142aj\u0105<\/li>\n<li>wynurzenie &#8211;\u00a0ci\u015bnienie zaczyna spada\u0107; tkanki, kt\u00f3re nasyci\u0142y si\u0119 zaczynaj\u0105 przechodzi\u0107 w stan przesycenia i uwalnia\u0107 nadmiar rozpuszczonego w nich gazu<\/li>\n<\/ol>\n<p style=\"text-align: justify;\">Do tej pory mowa by\u0142a o cieczach, a tu nagle zamiast cieczy pojawia si\u0119 tkanka. Aby to zrozumie\u0107 nale\u017cy u\u015bwiadomi\u0107 sobie, \u017ce <span style=\"text-decoration: underline;\">organizm ludzki sk\u0142ada si\u0119 z r\u00f3\u017cnych tkanek, kt\u00f3re s\u0105 w stanie absorbowa\u0107 gaz z r\u00f3\u017cn\u0105 pr\u0119dko\u015bci\u0105<\/span>. To jest ogromnie wa\u017cne dla zrozumienia pozosta\u0142ej cz\u0119\u015bci zagadnie\u0144 dekompresji. Wprowadzono podzia\u0142 tkanek pod k\u0105tem ich szybko\u015bci nasycania si\u0119. Z jednej strony skali s\u0105 tkanki wolne, kt\u00f3re nasycaj\u0105 si\u0119 powoli, ale te\u017c ich desaturacja (proces odsycania) jest powolny. Z drugiej strony s\u0105 tkanki szybkie, takie jak krew, w kt\u00f3rych proces saturacji i desaturacji jest bardzo szybki. Niezale\u017cnie od rodzaju tkanki, proces nasycania nie przebiega liniowo. Istnieje pojecie p\u00f3\u0142okresu nasycania, kt\u00f3re nale\u017cy rozumie\u0107 tak, \u017ce jest to czas w jakim tkanka nasyci si\u0119 o po\u0142ow\u0119. Aby to lepiej zrozumie\u0107 poka\u017c\u0119 to na przyk\u0142adzie, czyli rozpisz\u0119 proces nasycania w czasie w sta\u0142ych przedzia\u0142ach czasowych. <div id=\"footable_parent_565\"\n         class=\" footable_parent ninja_table_wrapper loading_ninja_table wp_table_data_press_parent semantic_ui \">\n                <table data-ninja_table_instance=\"ninja_table_instance_0\" data-footable_id=\"565\" data-filter-delay=\"1000\" aria-label=\"saturacja-tkanki.csv\"            id=\"footable_565\"\n           data-unique_identifier=\"ninja_table_unique_id_2384629503_565\"\n           class=\" foo-table ninja_footable foo_table_565 ninja_table_unique_id_2384629503_565 ui table  nt_type_ajax_table selectable striped vertical_centered  footable-paging-right\">\n                <colgroup>\n                            <col class=\"ninja_column_0 \">\n                            <col class=\"ninja_column_1 \">\n                            <col class=\"ninja_column_2 \">\n                            <col class=\"ninja_column_3 \">\n                    <\/colgroup>\n            <\/table>\n    \n    \n    \n<\/div>\n<\/p>\n<p><a href=\"http:\/\/www.scubalife.eu\/wp-content\/uploads\/2015\/05\/saturacja-tkanek.jpg\"><img decoding=\"async\" class=\"alignright wp-image-252 size-medium lazyload\" data-src=\"http:\/\/www.scubalife.eu\/wp-content\/uploads\/2015\/05\/saturacja-tkanek-300x169.jpg\" alt=\"saturacja-tkanek\" width=\"300\" height=\"169\" src=\"data:image\/svg+xml;base64,PHN2ZyB3aWR0aD0iMSIgaGVpZ2h0PSIxIiB4bWxucz0iaHR0cDovL3d3dy53My5vcmcvMjAwMC9zdmciPjwvc3ZnPg==\" style=\"--smush-placeholder-width: 300px; --smush-placeholder-aspect-ratio: 300\/169;\" \/><\/a>Aby lepiej zobrazowa\u0107 charakterystyk\u0119 nasycania tkanek, dane z tabeli pokazane s\u0105 na wykresie. Wida\u0107 na nim wyra\u017anie brak liniowo\u015bci procesu. Desaturacja tkanek przebiega podobnie z tym, \u017ce wykres jest odwr\u00f3cony.<\/p>\n<p>A teraz informacje o nasycaniu tkanek nanie\u015bmy na etapy nurkowania. Czyli nale\u017cy si\u0119 zastanowi\u0107 jak wygl\u0105da proces nasycania tkanek w zale\u017cno\u015bci od g\u0142\u0119boko\u015bci i czasu przebywania na niej. Zanim jednak b\u0119dziemy si\u0119 nad tym zastanawia\u0107 trzeba wr\u00f3ci\u0107 do\u00a0zagadnienia r\u00f3\u017cnic mi\u0119dzy\u00a0tkankami. Wiemy ju\u017c, \u017ce tkanki mo\u017cna podzieli\u0107 pod wzgl\u0119dem szybko\u015bci nasycania. Krew nasyca si\u0119 bardzo szybko (dlatego nazywa si\u0119 tkank\u0105 szybk\u0105), ale mi\u0119\u015bnie nasycaj\u0105 si\u0119 wolniej, \u015bci\u0119gna jeszcze wolniej. Ko\u015bci nasycaj\u0105 si\u0119 najwolniej. R\u00f3\u017cnice w tych pr\u0119dko\u015bciach nie s\u0105 kluczowe podczas nurkowa\u0144 rekreacyjnych (nie bez powodu s\u0105 one nazywane nurkowaniami bezdekompresyjnymi), ale zaczynaj\u0105 by\u0107 ogromnie wa\u017cne podczas nurkowa\u0144 dekompresyjnych\u00a0na g\u0142\u0119boko\u015bci wi\u0119ksze ni\u017c 40 metr\u00f3w lub na d\u0142u\u017cszym czasie nurkowania. Wyobra\u017amy sobie nast\u0119puj\u0105cy scenariusz nurkowania&#8230;<\/p>\n<p>Zanurzenie na g\u0142\u0119boko\u015b\u0107 35 metr\u00f3w, czas denny to 30 minut. Tabela nurkowa\u0144 bezdekompresyjnych m\u00f3wi, \u017ce maksymalny czas denny dla tej g\u0142\u0119boko\u015bci to 15\u00a0minut czyli wpadamy w obszar, w kt\u00f3rym dekompresja jest wymagana. Rozpoczynamy wynurzenie z przystankami do dekompresji. Co si\u0119 dzieje w tym czasie z naszymi tkankami? Za\u0142\u00f3\u017cmy przystanek na 15 metrach. Tkanki szybkie uwalniaj\u0105 nadmiar rozpuszczonego gazu do\u015b\u0107 szybko. Jednak co si\u0119 dzieje z tkankami wolnymi? One nie zd\u0105\u017cy\u0142y si\u0119 nasyci\u0107 wystarczaj\u0105co podczas czasu dennego, wi\u0119c podczas odsycania tkanek szybkich, tkanki wolne nadal si\u0119 nasycaj\u0105 &#8211; przecie\u017c nadal jeste\u015bmy pod wod\u0105 na g\u0142\u0119boko\u015bci 15 metr\u00f3w (ci\u015bnienie 2.5at.). Zako\u0144czyli\u015bmy procedur\u0119 dekompresji na 15 metrach, wyp\u0142ywamy na 5 metr\u00f3w i&#8230; znowu post\u00f3j. Dopiero teraz zaczyna si\u0119 desaturacja tkanek wolnych. Zbyt szybkie wynurzenie mo\u017ce spowodowa\u0107 chorob\u0119 dekompresyjn\u0105, kt\u00f3ra mo\u017ce mie\u0107 wiele objaw\u00f3w i r\u00f3\u017cne nast\u0119pstwa.<\/p>\n<p>Podany przyk\u0142ad jest nieco naci\u0105gany, gdy\u017c poda\u0142em zbyt ma\u0142e g\u0142\u0119boko\u015bci i czasy, ale chodzi o zasad\u0119 dzia\u0142ania mechanizmu. Dlatego w\u0142a\u015bnie w nowoczesnych modelach dekompresyjnych rozpatrywane s\u0105 tkanki w 12 lub wi\u0119cej przedzia\u0142ach.<\/p>\n<p>cdn&#8230;<\/p>\n<div class=\"pntrst_main_before_after\"><\/div><div class=\"fcbkbttn_buttons_block\" id=\"fcbkbttn_left\"><div class=\"fcbkbttn_button\">\n                            <a href=\"https:\/\/www.facebook.com\/scubalife.eu\" target=\"_blank\">\n                                <img decoding=\"async\" data-src=\"https:\/\/www.scubalife.eu\/wp-content\/plugins\/social-buttons-pack\/facebook-button-plugin\/images\/standard-facebook-ico.png\" alt=\"Fb-Button\" src=\"data:image\/svg+xml;base64,PHN2ZyB3aWR0aD0iMSIgaGVpZ2h0PSIxIiB4bWxucz0iaHR0cDovL3d3dy53My5vcmcvMjAwMC9zdmciPjwvc3ZnPg==\" class=\"lazyload\" style=\"--smush-placeholder-width: 75px; --smush-placeholder-aspect-ratio: 75\/20;\" \/>\n                            <\/a>\n                        <\/div><div class=\"fcbkbttn_like \"><fb:like href=\"https:\/\/www.scubalife.eu\/en\/troche-teorii\/dekompresja\/\" action=\"like\" colorscheme=\"light\" layout=\"button_count\"  size=\"small\"><\/fb:like><\/div><div class=\"fb-share-button  \" data-href=\"https:\/\/www.scubalife.eu\/en\/troche-teorii\/dekompresja\/\" data-type=\"button\" data-size=\"small\"><\/div><\/div>","protected":false},"excerpt":{"rendered":"<p>Theory of decompression is a very complex field of knowledge. However, by making some simplifications,&#8230;<\/p>\n<div class=\"fcbkbttn_buttons_block\" id=\"fcbkbttn_left\"><div class=\"fcbkbttn_button\">\n                            <a href=\"https:\/\/www.facebook.com\/scubalife.eu\" target=\"_blank\">\n                                <img decoding=\"async\" data-src=\"https:\/\/www.scubalife.eu\/wp-content\/plugins\/social-buttons-pack\/facebook-button-plugin\/images\/standard-facebook-ico.png\" alt=\"Fb-Button\" src=\"data:image\/svg+xml;base64,PHN2ZyB3aWR0aD0iMSIgaGVpZ2h0PSIxIiB4bWxucz0iaHR0cDovL3d3dy53My5vcmcvMjAwMC9zdmciPjwvc3ZnPg==\" class=\"lazyload\" style=\"--smush-placeholder-width: 75px; --smush-placeholder-aspect-ratio: 75\/20;\" \/>\n                            <\/a>\n                        <\/div><div class=\"fcbkbttn_like \"><fb:like href=\"https:\/\/www.scubalife.eu\/en\/troche-teorii\/dekompresja\/\" action=\"like\" colorscheme=\"light\" layout=\"button_count\"  size=\"small\"><\/fb:like><\/div><div class=\"fb-share-button  \" data-href=\"https:\/\/www.scubalife.eu\/en\/troche-teorii\/dekompresja\/\" data-type=\"button\" data-size=\"small\"><\/div><\/div>","protected":false},"author":1,"featured_media":0,"parent":559,"menu_order":2,"comment_status":"closed","ping_status":"closed","template":"","meta":{"footnotes":""},"class_list":["post-563","page","type-page","status-publish","hentry"],"psp_head":"<title>Decompression &ndash; [:pl]Scubalife.EU[:]<\/title>\r\n<meta name=\"description\" content=\"Theory of decompression is a very complex field of knowledge. However, by making some simplifications, I will try to describe this issue as clearly as possible. The goal is not to copy scientific work from the border of physics, mathematics, biology and medicine, but to show certain problems so that a diver with any education understands them and consciously uses this knowledge during dives.\" \/>\r\n<meta name=\"robots\" content=\"index,follow\" \/>\r\n<link rel=\"canonical\" href=\"https:\/\/www.scubalife.eu\/en\/troche-teorii\/dekompresja\/\" \/>\r\n","_links":{"self":[{"href":"https:\/\/www.scubalife.eu\/en\/wp-json\/wp\/v2\/pages\/563","targetHints":{"allow":["GET"]}}],"collection":[{"href":"https:\/\/www.scubalife.eu\/en\/wp-json\/wp\/v2\/pages"}],"about":[{"href":"https:\/\/www.scubalife.eu\/en\/wp-json\/wp\/v2\/types\/page"}],"author":[{"embeddable":true,"href":"https:\/\/www.scubalife.eu\/en\/wp-json\/wp\/v2\/users\/1"}],"replies":[{"embeddable":true,"href":"https:\/\/www.scubalife.eu\/en\/wp-json\/wp\/v2\/comments?post=563"}],"version-history":[{"count":4,"href":"https:\/\/www.scubalife.eu\/en\/wp-json\/wp\/v2\/pages\/563\/revisions"}],"predecessor-version":[{"id":1569,"href":"https:\/\/www.scubalife.eu\/en\/wp-json\/wp\/v2\/pages\/563\/revisions\/1569"}],"up":[{"embeddable":true,"href":"https:\/\/www.scubalife.eu\/en\/wp-json\/wp\/v2\/pages\/559"}],"wp:attachment":[{"href":"https:\/\/www.scubalife.eu\/en\/wp-json\/wp\/v2\/media?parent=563"}],"curies":[{"name":"wp","href":"https:\/\/api.w.org\/{rel}","templated":true}]}}